{"id":88,"date":"2015-05-22T15:22:21","date_gmt":"2015-05-22T15:22:21","guid":{"rendered":"http:\/\/nenufee-therapies.ch\/wordpress\/?page_id=88"},"modified":"2017-04-21T18:47:56","modified_gmt":"2017-04-21T16:47:56","slug":"sels-schussler","status":"publish","type":"page","link":"https:\/\/nenufee-therapies.ch\/wordpress\/therapies\/sels-schussler\/","title":{"rendered":"Sels Sch\u00fcssler"},"content":{"rendered":"<p style=\"text-align: justify;\">Les sels vont aider gr\u00e2ce aux substances min\u00e9rales inorganiques qui mobilisent et r\u00e9g\u00e9n\u00e8rent les forces d\u2019autogu\u00e9rison et de d\u00e9sintoxication du corps. Ils sont essentiels et m\u00eame vitaux pour le corps et la sant\u00e9.\u00a0Les sels vont \u00eatre choisis en fonction de la personne ou de l\u2019animal suivant la carence la plus importante \u00e0 corriger. Ils\u00a0sont faciles \u00e0 utiliser et\u00a0n\u2019ont pas d\u2019effet(s) secondaire(s).\u00a0Ils apaisent les troubles d\u2019origines diverses et activent les fonctions des organes.<\/p>\n<p style=\"text-align: justify;\"><strong>Exemples\u00a0:<\/strong> crampes, enflures, allergies, fatigue, stress, convalescence, nervosit\u00e9, boiterie, etc.<\/p>\n<p style=\"text-align: justify;\">Il est important de prendre les sels r\u00e9guli\u00e8rement si l\u2019on d\u00e9sire soulager rapidement en fonction de l\u2019\u00e9tat aigu, chronique ou en entretien.<\/p>\n<p style=\"text-align: justify;\">\n","protected":false},"excerpt":{"rendered":"<p>Les sels vont aider gr\u00e2ce aux substances min\u00e9rales inorganiques qui mobilisent et r\u00e9g\u00e9n\u00e8rent les forces d\u2019autogu\u00e9rison et de d\u00e9sintoxication du corps. Ils sont essentiels et m\u00eame vitaux pour le corps et la sant\u00e9.\u00a0Les sels vont \u00eatre choisis en fonction de la personne ou de l\u2019animal suivant la carence la plus importante \u00e0 corriger. Ils\u00a0sont faciles [&hellip;]<\/p>\n","protected":false},"author":2,"featured_media":0,"parent":9,"menu_order":3,"comment_status":"closed","ping_status":"open","template":"","meta":{"_exactmetrics_skip_tracking":false,"_exactmetrics_sitenote_active":false,"_exactmetrics_sitenote_note":"","_exactmetrics_sitenote_category":0,"footnotes":""},"class_list":["post-88","page","type-page","status-publish","hentry"],"_links":{"self":[{"href":"https:\/\/nenufee-therapies.ch\/wordpress\/wp-json\/wp\/v2\/pages\/88","targetHints":{"allow":["GET"]}}],"collection":[{"href":"https:\/\/nenufee-therapies.ch\/wordpress\/wp-json\/wp\/v2\/pages"}],"about":[{"href":"https:\/\/nenufee-therapies.ch\/wordpress\/wp-json\/wp\/v2\/types\/page"}],"author":[{"embeddable":true,"href":"https:\/\/nenufee-therapies.ch\/wordpress\/wp-json\/wp\/v2\/users\/2"}],"replies":[{"embeddable":true,"href":"https:\/\/nenufee-therapies.ch\/wordpress\/wp-json\/wp\/v2\/comments?post=88"}],"version-history":[{"count":9,"href":"https:\/\/nenufee-therapies.ch\/wordpress\/wp-json\/wp\/v2\/pages\/88\/revisions"}],"predecessor-version":[{"id":915,"href":"https:\/\/nenufee-therapies.ch\/wordpress\/wp-json\/wp\/v2\/pages\/88\/revisions\/915"}],"up":[{"embeddable":true,"href":"https:\/\/nenufee-therapies.ch\/wordpress\/wp-json\/wp\/v2\/pages\/9"}],"wp:attachment":[{"href":"https:\/\/nenufee-therapies.ch\/wordpress\/wp-json\/wp\/v2\/media?parent=88"}],"curies":[{"name":"wp","href":"https:\/\/api.w.org\/{rel}","templated":true}]}}