{"id":52,"date":"2015-05-18T10:26:46","date_gmt":"2015-05-18T10:26:46","guid":{"rendered":"http:\/\/nenufee-therapies.ch\/wordpress\/?page_id=52"},"modified":"2026-02-20T18:40:34","modified_gmt":"2026-02-20T16:40:34","slug":"tarifs","status":"publish","type":"page","link":"https:\/\/nenufee-therapies.ch\/wordpress\/tarifs\/","title":{"rendered":"Tarifs"},"content":{"rendered":"<table>\n<tbody>\n<tr>\n<td width=\"225\"><strong>Th\u00e9rapies pour humains<\/strong><\/td>\n<td width=\"43\"><\/td>\n<td width=\"158\"><\/td>\n<\/tr>\n<tr>\n<td width=\"225\">Reiki<\/td>\n<td style=\"text-align: right;\" width=\"43\">90<\/td>\n<td width=\"158\">CHF<\/td>\n<\/tr>\n<tr>\n<td style=\"text-align: left;\" width=\"225\">Reiki\u00a0Enfants &amp; Adolescents<\/td>\n<td style=\"text-align: right;\" width=\"43\">50<\/td>\n<td width=\"158\">CHF<\/td>\n<\/tr>\n<tr>\n<td style=\"text-align: left;\" width=\"225\">Massage<\/td>\n<td style=\"text-align: right;\" width=\"43\">100<\/td>\n<td width=\"158\">CHF<\/td>\n<\/tr>\n<tr>\n<td width=\"225\">Massage au C\u0153ur de la Terre<\/td>\n<td style=\"text-align: right;\" width=\"43\">130<\/td>\n<td width=\"158\">CHF<\/td>\n<\/tr>\n<tr>\n<td width=\"225\">Elixirs des fleurs de cristal<\/td>\n<td style=\"text-align: right;\" width=\"43\">30<\/td>\n<td width=\"158\">CHF<\/td>\n<\/tr>\n<tr>\n<td width=\"225\">Conseil et recherche des Elixirs de cristal<\/td>\n<td style=\"text-align: right;\" width=\"43\">40<\/td>\n<td width=\"158\">CHF<\/td>\n<\/tr>\n<tr>\n<td width=\"225\"><\/td>\n<td width=\"43\"><\/td>\n<td width=\"158\"><\/td>\n<\/tr>\n<tr>\n<td width=\"225\"><\/td>\n<td style=\"text-align: right;\" width=\"43\"><\/td>\n<td width=\"158\"><\/td>\n<\/tr>\n<\/tbody>\n<\/table>\n<p class=\"p22195\">Paiement comptant \u00e0 la fin de la s\u00e9ance.<\/p>\n<table style=\"height: 263px;\" width=\"433\">\n<tbody>\n<tr>\n<td width=\"225\"><strong>Th\u00e9rapies pour animaux<\/strong><\/td>\n<td width=\"43\"><\/td>\n<td width=\"158\"><\/td>\n<\/tr>\n<tr>\n<td width=\"225\">Communication animale<\/td>\n<td style=\"text-align: right;\" width=\"43\">70<\/td>\n<td width=\"158\">CHF<\/td>\n<\/tr>\n<tr>\n<td width=\"225\">Communication intuitive avec soin \u00e9nerg\u00e9tique<\/td>\n<td style=\"text-align: right;\" width=\"43\">90<\/td>\n<td width=\"158\">CH<\/td>\n<\/tr>\n<tr>\n<td width=\"225\">Reboutologie 1er rendez-vous<\/td>\n<td style=\"text-align: right;\" width=\"43\">90<\/td>\n<td width=\"158\">CHF<\/td>\n<\/tr>\n<tr>\n<td width=\"225\">Reboutologie<\/td>\n<td style=\"text-align: right;\" width=\"43\">70<\/td>\n<td width=\"158\">CHF<\/td>\n<\/tr>\n<tr>\n<td width=\"225\">Kin\u00e9siologie<\/td>\n<td style=\"text-align: right;\" width=\"43\">80<\/td>\n<td width=\"158\">CHF<\/td>\n<\/tr>\n<tr>\n<td width=\"225\">\u00a0Elixirs de Cristal suite \u00e0 une communication (20 ml)<\/td>\n<td style=\"text-align: right;\" width=\"43\">25<\/td>\n<td width=\"158\">CHF<\/td>\n<\/tr>\n<tr>\n<td width=\"225\">Conseil et recherche des Elixirs de cristal ou Fleurs de Bach<\/td>\n<td style=\"text-align: right;\" width=\"43\">35<\/td>\n<td width=\"158\">CHF<\/td>\n<\/tr>\n<\/tbody>\n<\/table>\n<p class=\"p22195\"><b><\/b><b>Bon Cadeau<\/b><\/p>\n<p class=\"p22195\" style=\"text-align: justify;\">Aimez-vous faire plaisir \u00e0 un proche, un ami ? Alors pensez offrir un bon cadeau. C&rsquo;est une marque d&rsquo;amiti\u00e9 ou d&rsquo;amour : le but est de faire plaisir, exprimer ses sentiments avec des cadeaux. Et si nous y mettions tout notre c\u0153ur ?<\/p>\n<p class=\"p22195\" style=\"text-align: justify;\">Il vous suffit juste de m&rsquo;appeler pour commander un bon cadeau. Que ce soit pour une th\u00e9rapie pour humains \/ animaux ou simplement un montant de votre choix pour des soins ou une formation.<\/p>\n<p class=\"p22195\" style=\"text-align: justify;\"><img loading=\"lazy\" decoding=\"async\" class=\"aligncenter size-full wp-image-315\" src=\"http:\/\/nenufee-therapies.ch\/wordpress\/wp-content\/uploads\/2015\/05\/IMG_0999-Cropped-1-e1438329390846.jpg\" alt=\"IMG_0999 Cropped (1)\" width=\"193\" height=\"193\" srcset=\"https:\/\/nenufee-therapies.ch\/wordpress\/wp-content\/uploads\/2015\/05\/IMG_0999-Cropped-1-e1438329390846.jpg 193w, https:\/\/nenufee-therapies.ch\/wordpress\/wp-content\/uploads\/2015\/05\/IMG_0999-Cropped-1-e1438329390846-150x150.jpg 150w\" sizes=\"auto, (max-width: 193px) 100vw, 193px\" \/><\/p>\n","protected":false},"excerpt":{"rendered":"<p>Th\u00e9rapies pour humains Reiki 90 CHF Reiki\u00a0Enfants &amp; Adolescents 50 CHF Massage 100 CHF Massage au C\u0153ur de la Terre 130 CHF Elixirs des fleurs de cristal 30 CHF Conseil et recherche des Elixirs de cristal 40 CHF Paiement comptant \u00e0 la fin de la s\u00e9ance. Th\u00e9rapies pour animaux Communication animale 70 CHF Communication intuitive [&hellip;]<\/p>\n","protected":false},"author":2,"featured_media":0,"parent":0,"menu_order":6,"comment_status":"closed","ping_status":"closed","template":"","meta":{"_exactmetrics_skip_tracking":false,"_exactmetrics_sitenote_active":false,"_exactmetrics_sitenote_note":"","_exactmetrics_sitenote_category":0,"footnotes":""},"class_list":["post-52","page","type-page","status-publish","hentry"],"_links":{"self":[{"href":"https:\/\/nenufee-therapies.ch\/wordpress\/wp-json\/wp\/v2\/pages\/52","targetHints":{"allow":["GET"]}}],"collection":[{"href":"https:\/\/nenufee-therapies.ch\/wordpress\/wp-json\/wp\/v2\/pages"}],"about":[{"href":"https:\/\/nenufee-therapies.ch\/wordpress\/wp-json\/wp\/v2\/types\/page"}],"author":[{"embeddable":true,"href":"https:\/\/nenufee-therapies.ch\/wordpress\/wp-json\/wp\/v2\/users\/2"}],"replies":[{"embeddable":true,"href":"https:\/\/nenufee-therapies.ch\/wordpress\/wp-json\/wp\/v2\/comments?post=52"}],"version-history":[{"count":28,"href":"https:\/\/nenufee-therapies.ch\/wordpress\/wp-json\/wp\/v2\/pages\/52\/revisions"}],"predecessor-version":[{"id":2398,"href":"https:\/\/nenufee-therapies.ch\/wordpress\/wp-json\/wp\/v2\/pages\/52\/revisions\/2398"}],"wp:attachment":[{"href":"https:\/\/nenufee-therapies.ch\/wordpress\/wp-json\/wp\/v2\/media?parent=52"}],"curies":[{"name":"wp","href":"https:\/\/api.w.org\/{rel}","templated":true}]}}