{"id":48,"date":"2015-05-18T10:24:06","date_gmt":"2015-05-18T10:24:06","guid":{"rendered":"http:\/\/nenufee-therapies.ch\/wordpress\/?page_id=48"},"modified":"2019-08-16T13:10:54","modified_gmt":"2019-08-16T11:10:54","slug":"communication","status":"publish","type":"page","link":"https:\/\/nenufee-therapies.ch\/wordpress\/animaux\/communication\/","title":{"rendered":"Communication animale"},"content":{"rendered":"<p style=\"text-align: justify;\">La communication se fait avec votre animal par la\u00a0pens\u00e9e (au moyen d&rsquo;une photo). je me connecte \u00e0 votre animal \u00a0afin de lui poser vos questions. Cette technique permet de mieux comprendre un comportement inad\u00e9quat de votre animal ainsi que du ma\u00eetre et de vous aider dans ces diff\u00e9rentes difficult\u00e9s.<\/p>\n<p style=\"text-align: justify;\"><b>Exemples :<\/b>\u00a0s\u00e9paration, probl\u00e8mes de comportement (aboiement, agressivit\u00e9, stress, anxi\u00e9t\u00e9, ob\u00e9issance, marquage par l&rsquo;urine) ou de sant\u00e9 (perte de poils, etc), arriv\u00e9e d&rsquo;un autre animal ou d&rsquo;une autre personne, animal en fin de vie (le soutenir, le rassurer, l&rsquo;informer de la d\u00e9cision).<\/p>\n<p>Je vais lui poser les questions et lui demander qu&rsquo;est-ce que vous pouvez faire pour le rendre heureux, conna\u00eetre ses envies ou ses besoins.<\/p>\n<p><strong>Comment ce d\u00e9roule une s\u00e9ance?<\/strong><\/p>\n<p>je vous laisse m&rsquo;appeler ou m&rsquo;envoyer un mail avec les informations sur votre animal (nom, \u00e2ge, probl\u00e8mes, photo, questions \u00e0 poser \u00e0 votre animal). Il me faut aussi vos coordonn\u00e9es compl\u00e8tent (nom, pr\u00e9nom, adresse, t\u00e9l\u00e9phone, mail).<\/p>\n<p>Suite au probl\u00e8me de votre animal, je peux travailler avec diff\u00e9rents soins \u00e9nerg\u00e9tiques \u00e0 distance (Reiki, Code Universelle, luminoth\u00e9rapie, etc).<\/p>\n<p>Ensuite je vous informe d&rsquo;un rendez-vous t\u00e9l\u00e9phonique pour vous donner le Feedback de la communication.<\/p>\n<p>Et si besoin de venir avec votre animal pour diff\u00e9rents\u00a0soins en direct (massage, reboutologie, Kin\u00e9siologie, acupressure, etc).<\/p>\n<p style=\"text-align: justify;\">N&rsquo;h\u00e9sitez pas \u00e0 consulter la page des formations o\u00f9 je propose 2 cours diff\u00e9rents :<\/p>\n<ul>\n<li style=\"text-align: justify;\"><a href=\"http:\/\/nenufee-therapies.ch\/reiki\/communication-animale-debutant\/\">Communication animale 1<\/a><\/li>\n<li style=\"text-align: justify;\"><a href=\"http:\/\/nenufee-therapies.ch\/reiki\/communication-animale-2\/\">Communication animale 2<\/a><\/li>\n<\/ul>\n<p>Contactez-moi pour prendre un rendez-vous (<a href=\"http:\/\/nenufee-therapies.ch\/contact\/\">Contact<\/a>)<\/p>\n","protected":false},"excerpt":{"rendered":"<p>La communication se fait avec votre animal par la\u00a0pens\u00e9e (au moyen d&rsquo;une photo). je me connecte \u00e0 votre animal \u00a0afin de lui poser vos questions. Cette technique permet de mieux comprendre un comportement inad\u00e9quat de votre animal ainsi que du ma\u00eetre et de vous aider dans ces diff\u00e9rentes difficult\u00e9s. Exemples :\u00a0s\u00e9paration, probl\u00e8mes de comportement (aboiement, [&hellip;]<\/p>\n","protected":false},"author":2,"featured_media":0,"parent":44,"menu_order":0,"comment_status":"closed","ping_status":"closed","template":"","meta":{"_exactmetrics_skip_tracking":false,"_exactmetrics_sitenote_active":false,"_exactmetrics_sitenote_note":"","_exactmetrics_sitenote_category":0,"footnotes":""},"class_list":["post-48","page","type-page","status-publish","hentry"],"_links":{"self":[{"href":"https:\/\/nenufee-therapies.ch\/wordpress\/wp-json\/wp\/v2\/pages\/48","targetHints":{"allow":["GET"]}}],"collection":[{"href":"https:\/\/nenufee-therapies.ch\/wordpress\/wp-json\/wp\/v2\/pages"}],"about":[{"href":"https:\/\/nenufee-therapies.ch\/wordpress\/wp-json\/wp\/v2\/types\/page"}],"author":[{"embeddable":true,"href":"https:\/\/nenufee-therapies.ch\/wordpress\/wp-json\/wp\/v2\/users\/2"}],"replies":[{"embeddable":true,"href":"https:\/\/nenufee-therapies.ch\/wordpress\/wp-json\/wp\/v2\/comments?post=48"}],"version-history":[{"count":12,"href":"https:\/\/nenufee-therapies.ch\/wordpress\/wp-json\/wp\/v2\/pages\/48\/revisions"}],"predecessor-version":[{"id":1385,"href":"https:\/\/nenufee-therapies.ch\/wordpress\/wp-json\/wp\/v2\/pages\/48\/revisions\/1385"}],"up":[{"embeddable":true,"href":"https:\/\/nenufee-therapies.ch\/wordpress\/wp-json\/wp\/v2\/pages\/44"}],"wp:attachment":[{"href":"https:\/\/nenufee-therapies.ch\/wordpress\/wp-json\/wp\/v2\/media?parent=48"}],"curies":[{"name":"wp","href":"https:\/\/api.w.org\/{rel}","templated":true}]}}