{"id":46,"date":"2015-05-18T10:23:45","date_gmt":"2015-05-18T08:23:45","guid":{"rendered":"http:\/\/nenufee-therapies.ch\/wordpress\/?page_id=46"},"modified":"2019-07-09T13:18:12","modified_gmt":"2019-07-09T11:18:12","slug":"acupressure","status":"publish","type":"page","link":"https:\/\/nenufee-therapies.ch\/wordpress\/animaux\/acupressure\/","title":{"rendered":"Acupressure"},"content":{"rendered":"<p style=\"text-align: justify;\">L&rsquo;acupressure est\u00a0une m\u00e9thode qui nous vient d&rsquo;Asie. Les m\u00e9ridiens sont des canaux o\u00f9 l&rsquo;\u00e9nergie coule \u00e0 travers toutes les parties du corps y compris les organes. Lorsqu&rsquo;il y a un d\u00e9s\u00e9quilibre dans un m\u00e9ridien (tensions musculaires, probl\u00e8me de circulation, arthrose, diarrh\u00e9es,\u00a0probl\u00e8me d&rsquo;estomac, du foie,\u00a0du c\u0153ur, etc.), celui-ci peut\u00a0se ressentir \u00e0 n&rsquo;importe quel endroit sur le trac\u00e9 du m\u00e9ridien et pas uniquement sur l&rsquo;organe.<\/p>\n<p style=\"text-align: justify;\">Le but de cette technique est de soulager, tonifier, disperser l&rsquo;\u00e9nergie par des massages et des pressions sur des zones du corps de l&rsquo;animal.<\/p>\n<p style=\"text-align: justify;\">Cette technique ne remplace pas\u00a0les soins prodigu\u00e9s par un v\u00e9t\u00e9rinaire. \u00a0Pour l&rsquo;acupressure, on travaille avec les 5 \u00e9l\u00e9ments :<\/p>\n<ul style=\"text-align: justify;\">\n<li><strong>Le bois\u00a0<\/strong>: foie et v\u00e9sicule biliaire<\/li>\n<li><strong>Le feu\u00a0<\/strong>: triple r\u00e9chauffeur, c\u0153ur, ma\u00eetre c\u0153ur, intestin gr\u00eale<\/li>\n<li><strong>L&rsquo;eau\u00a0<\/strong>: reins, vessie<\/li>\n<li><strong>La terre\u00a0<\/strong>: rate\/pancr\u00e9as, estomac<\/li>\n<li><strong>Le m\u00e9tal\u00a0<\/strong>: gros intestin, poumon<\/li>\n<\/ul>\n<p style=\"text-align: justify;\"><strong>Contre-indication(s) :<\/strong><\/p>\n<ul style=\"text-align: justify;\">\n<li>Femelle portante (risque d&rsquo;avortement)<\/li>\n<li>Avant une comp\u00e9tition (risque de courbature)<\/li>\n<li>Animaux sous m\u00e9dicaments (anti-inflammatoire, cortisone)<\/li>\n<\/ul>\n<p style=\"text-align: justify;\">En\u00a0acupressure, je\u00a0traite les chiens, les chats et les chevaux.<br \/>\n<img loading=\"lazy\" decoding=\"async\" class=\"aligncenter size-full wp-image-176\" src=\"http:\/\/nenufee-therapies.ch\/wordpress\/wp-content\/uploads\/2015\/05\/5animaux.png\" alt=\"5animaux\" width=\"480\" height=\"115\" srcset=\"https:\/\/nenufee-therapies.ch\/wordpress\/wp-content\/uploads\/2015\/05\/5animaux.png 480w, https:\/\/nenufee-therapies.ch\/wordpress\/wp-content\/uploads\/2015\/05\/5animaux-300x72.png 300w\" sizes=\"auto, (max-width: 480px) 100vw, 480px\" \/><\/p>\n<p style=\"text-align: justify;\">Contactez-moi pour prendre un rendez-vous (<a href=\"http:\/\/nenufee-therapies.ch\/contact\/\">Contact<\/a>)<\/p>\n<p style=\"text-align: justify;\">\n","protected":false},"excerpt":{"rendered":"<p>L&rsquo;acupressure est\u00a0une m\u00e9thode qui nous vient d&rsquo;Asie. Les m\u00e9ridiens sont des canaux o\u00f9 l&rsquo;\u00e9nergie coule \u00e0 travers toutes les parties du corps y compris les organes. Lorsqu&rsquo;il y a un d\u00e9s\u00e9quilibre dans un m\u00e9ridien (tensions musculaires, probl\u00e8me de circulation, arthrose, diarrh\u00e9es,\u00a0probl\u00e8me d&rsquo;estomac, du foie,\u00a0du c\u0153ur, etc.), celui-ci peut\u00a0se ressentir \u00e0 n&rsquo;importe quel endroit sur le [&hellip;]<\/p>\n","protected":false},"author":2,"featured_media":0,"parent":44,"menu_order":3,"comment_status":"closed","ping_status":"closed","template":"","meta":{"_exactmetrics_skip_tracking":false,"_exactmetrics_sitenote_active":false,"_exactmetrics_sitenote_note":"","_exactmetrics_sitenote_category":0,"footnotes":""},"class_list":["post-46","page","type-page","status-publish","hentry"],"_links":{"self":[{"href":"https:\/\/nenufee-therapies.ch\/wordpress\/wp-json\/wp\/v2\/pages\/46","targetHints":{"allow":["GET"]}}],"collection":[{"href":"https:\/\/nenufee-therapies.ch\/wordpress\/wp-json\/wp\/v2\/pages"}],"about":[{"href":"https:\/\/nenufee-therapies.ch\/wordpress\/wp-json\/wp\/v2\/types\/page"}],"author":[{"embeddable":true,"href":"https:\/\/nenufee-therapies.ch\/wordpress\/wp-json\/wp\/v2\/users\/2"}],"replies":[{"embeddable":true,"href":"https:\/\/nenufee-therapies.ch\/wordpress\/wp-json\/wp\/v2\/comments?post=46"}],"version-history":[{"count":9,"href":"https:\/\/nenufee-therapies.ch\/wordpress\/wp-json\/wp\/v2\/pages\/46\/revisions"}],"predecessor-version":[{"id":798,"href":"https:\/\/nenufee-therapies.ch\/wordpress\/wp-json\/wp\/v2\/pages\/46\/revisions\/798"}],"up":[{"embeddable":true,"href":"https:\/\/nenufee-therapies.ch\/wordpress\/wp-json\/wp\/v2\/pages\/44"}],"wp:attachment":[{"href":"https:\/\/nenufee-therapies.ch\/wordpress\/wp-json\/wp\/v2\/media?parent=46"}],"curies":[{"name":"wp","href":"https:\/\/api.w.org\/{rel}","templated":true}]}}