{"id":34,"date":"2015-05-18T10:19:37","date_gmt":"2015-05-18T10:19:37","guid":{"rendered":"http:\/\/nenufee-therapies.ch\/wordpress\/?page_id=34"},"modified":"2019-06-10T06:23:03","modified_gmt":"2019-06-10T04:23:03","slug":"pierres-fines","status":"publish","type":"page","link":"https:\/\/nenufee-therapies.ch\/wordpress\/massages\/pierres-fines\/","title":{"rendered":"Pierres fines ou C\u0153ur de la terre"},"content":{"rendered":"<p>Ce massage travaille sur tout le corps. Il s&rsquo;effectue \u00e0 l&rsquo;aide de galets et de b\u00e2tons de massage en pierres fines.<\/p>\n<p>Cette technique allie l&rsquo;effet th\u00e9rapeutique des pierres fines, des huiles de cristaux ainsi que les bienfaits d&rsquo;un massage.<\/p>\n<ul>\n<li>Profonde relaxation.<\/li>\n<li>Apaise les douleurs physiques et psychiques ainsi que les vieilles douleurs et permet de rel\u00e2cher les tensions musculaires, les crampes et le stress.<\/li>\n<li>Augmente l&rsquo;\u00e9nergie vitale et la tonicit\u00e9 du corps.<\/li>\n<\/ul>\n<p>Possibilit\u00e9 de faire ce massage en int\u00e9grant\u00a0<strong>Le Coeur de la Terre<\/strong>\u00a0 qui se compose en trois parties :<\/p>\n<ul>\n<li><strong>1\u00e8re partie :<\/strong> tirage d&rsquo;une carte personnelle pour le moment pr\u00e9sent<\/li>\n<li><strong>2\u00e8me partie :<\/strong> massage aux pierres choisies suivant le c\u00f4t\u00e9 \u00e9motionnel ou physique de la personne<\/li>\n<li><strong>3\u00e8me partie :<\/strong> pr\u00e9paration d\u2019un flacon personnel d\u2019\u00c9lixirs de cristal<\/li>\n<\/ul>\n<p>Ce massage allie la relaxation profonde du c\u0153ur, rel\u00e2che les tensions musculaires, les crampes et le stress avec les vertus des pierres ainsi que l\u2019ancrage de la terre.<br \/>\nEntoure la personne dans sa globalit\u00e9 (l\u2019amour par le c\u0153ur et les racines par la terre). Ce massage c\u2019est \u00ab L\u2019\u00e2me du c\u0153ur et la profondeur de la terre \u00bb.<br \/>\nDur\u00e9e : environ 1h45.<\/p>\n<p>Contactez-moi pour prendre un rendez-vous (<a href=\"http:\/\/nenufee-therapies.ch\/contact\/\">Contact<\/a>)<\/p>\n","protected":false},"excerpt":{"rendered":"<p>Ce massage travaille sur tout le corps. Il s&rsquo;effectue \u00e0 l&rsquo;aide de galets et de b\u00e2tons de massage en pierres fines. Cette technique allie l&rsquo;effet th\u00e9rapeutique des pierres fines, des huiles de cristaux ainsi que les bienfaits d&rsquo;un massage. Profonde relaxation. Apaise les douleurs physiques et psychiques ainsi que les vieilles douleurs et permet de [&hellip;]<\/p>\n","protected":false},"author":2,"featured_media":0,"parent":11,"menu_order":5,"comment_status":"closed","ping_status":"closed","template":"","meta":{"_exactmetrics_skip_tracking":false,"_exactmetrics_sitenote_active":false,"_exactmetrics_sitenote_note":"","_exactmetrics_sitenote_category":0,"footnotes":""},"class_list":["post-34","page","type-page","status-publish","hentry"],"_links":{"self":[{"href":"https:\/\/nenufee-therapies.ch\/wordpress\/wp-json\/wp\/v2\/pages\/34","targetHints":{"allow":["GET"]}}],"collection":[{"href":"https:\/\/nenufee-therapies.ch\/wordpress\/wp-json\/wp\/v2\/pages"}],"about":[{"href":"https:\/\/nenufee-therapies.ch\/wordpress\/wp-json\/wp\/v2\/types\/page"}],"author":[{"embeddable":true,"href":"https:\/\/nenufee-therapies.ch\/wordpress\/wp-json\/wp\/v2\/users\/2"}],"replies":[{"embeddable":true,"href":"https:\/\/nenufee-therapies.ch\/wordpress\/wp-json\/wp\/v2\/comments?post=34"}],"version-history":[{"count":7,"href":"https:\/\/nenufee-therapies.ch\/wordpress\/wp-json\/wp\/v2\/pages\/34\/revisions"}],"predecessor-version":[{"id":1328,"href":"https:\/\/nenufee-therapies.ch\/wordpress\/wp-json\/wp\/v2\/pages\/34\/revisions\/1328"}],"up":[{"embeddable":true,"href":"https:\/\/nenufee-therapies.ch\/wordpress\/wp-json\/wp\/v2\/pages\/11"}],"wp:attachment":[{"href":"https:\/\/nenufee-therapies.ch\/wordpress\/wp-json\/wp\/v2\/media?parent=34"}],"curies":[{"name":"wp","href":"https:\/\/api.w.org\/{rel}","templated":true}]}}