{"id":213,"date":"2015-06-05T08:48:31","date_gmt":"2015-06-05T06:48:31","guid":{"rendered":"http:\/\/nenufee-therapies.ch\/wordpress\/?page_id=213"},"modified":"2019-07-09T13:18:25","modified_gmt":"2019-07-09T11:18:25","slug":"technique-du-moxa","status":"publish","type":"page","link":"https:\/\/nenufee-therapies.ch\/wordpress\/animaux\/technique-du-moxa\/","title":{"rendered":"Technique du Moxa"},"content":{"rendered":"<p style=\"text-align: justify;\">La moxibustion permet de faire circuler l\u2019\u00e9nergie dans tout le corps. Cette technique apporte beaucoup de chaleur et est interdite sur les zones enflamm\u00e9es.<\/p>\n<p style=\"text-align: justify;\">Th\u00e9rapie par la chaleur pour d\u00e9tendre les muscles; augmenter la circulation sanguine, veineuse et lymphatique et soulager les douleurs comme l\u2019arthrose. L\u2019utilisation de la chaleur afin de\u00a0calmer les douleurs, le corps se d\u00e9tend, les muscles sont irrigu\u00e9s.<\/p>\n<p style=\"text-align: justify;\">Voici Salsa en traitement.<\/p>\n<p style=\"text-align: justify;\"><img loading=\"lazy\" decoding=\"async\" class=\"aligncenter size-medium wp-image-178\" src=\"http:\/\/nenufee-therapies.ch\/wordpress\/wp-content\/uploads\/2015\/05\/salsa-257x300.jpg\" alt=\"salsa\" width=\"257\" height=\"300\" srcset=\"https:\/\/nenufee-therapies.ch\/wordpress\/wp-content\/uploads\/2015\/05\/salsa-257x300.jpg 257w, https:\/\/nenufee-therapies.ch\/wordpress\/wp-content\/uploads\/2015\/05\/salsa.jpg 297w\" sizes=\"auto, (max-width: 257px) 100vw, 257px\" \/><\/p>\n<p style=\"text-align: justify;\">Contactez-moi pour prendre un rendez-vous (<a href=\"http:\/\/nenufee-therapies.ch\/contact\/\">Contact<\/a>)<\/p>\n","protected":false},"excerpt":{"rendered":"<p>La moxibustion permet de faire circuler l\u2019\u00e9nergie dans tout le corps. Cette technique apporte beaucoup de chaleur et est interdite sur les zones enflamm\u00e9es. Th\u00e9rapie par la chaleur pour d\u00e9tendre les muscles; augmenter la circulation sanguine, veineuse et lymphatique et soulager les douleurs comme l\u2019arthrose. L\u2019utilisation de la chaleur afin de\u00a0calmer les douleurs, le corps [&hellip;]<\/p>\n","protected":false},"author":2,"featured_media":0,"parent":44,"menu_order":4,"comment_status":"closed","ping_status":"closed","template":"","meta":{"_exactmetrics_skip_tracking":false,"_exactmetrics_sitenote_active":false,"_exactmetrics_sitenote_note":"","_exactmetrics_sitenote_category":0,"footnotes":""},"class_list":["post-213","page","type-page","status-publish","hentry"],"_links":{"self":[{"href":"https:\/\/nenufee-therapies.ch\/wordpress\/wp-json\/wp\/v2\/pages\/213","targetHints":{"allow":["GET"]}}],"collection":[{"href":"https:\/\/nenufee-therapies.ch\/wordpress\/wp-json\/wp\/v2\/pages"}],"about":[{"href":"https:\/\/nenufee-therapies.ch\/wordpress\/wp-json\/wp\/v2\/types\/page"}],"author":[{"embeddable":true,"href":"https:\/\/nenufee-therapies.ch\/wordpress\/wp-json\/wp\/v2\/users\/2"}],"replies":[{"embeddable":true,"href":"https:\/\/nenufee-therapies.ch\/wordpress\/wp-json\/wp\/v2\/comments?post=213"}],"version-history":[{"count":3,"href":"https:\/\/nenufee-therapies.ch\/wordpress\/wp-json\/wp\/v2\/pages\/213\/revisions"}],"predecessor-version":[{"id":796,"href":"https:\/\/nenufee-therapies.ch\/wordpress\/wp-json\/wp\/v2\/pages\/213\/revisions\/796"}],"up":[{"embeddable":true,"href":"https:\/\/nenufee-therapies.ch\/wordpress\/wp-json\/wp\/v2\/pages\/44"}],"wp:attachment":[{"href":"https:\/\/nenufee-therapies.ch\/wordpress\/wp-json\/wp\/v2\/media?parent=213"}],"curies":[{"name":"wp","href":"https:\/\/api.w.org\/{rel}","templated":true}]}}