{"id":14,"date":"2015-05-18T10:15:09","date_gmt":"2015-05-18T10:15:09","guid":{"rendered":"http:\/\/nenufee-therapies.ch\/wordpress\/?page_id=14"},"modified":"2026-04-07T18:02:06","modified_gmt":"2026-04-07T16:02:06","slug":"degre-1","status":"publish","type":"page","link":"https:\/\/nenufee-therapies.ch\/wordpress\/reiki\/reiki\/degre-1\/","title":{"rendered":"Reiki 1er Degr\u00e9"},"content":{"rendered":"<p class=\"p22195\" style=\"text-align: justify;\">Le <em><strong>Reiki<\/strong><\/em> est une m\u00e9thode qui nous vient du Japon.<\/p>\n<p class=\"p22195\" style=\"text-align: justify;\"><b>Rei<\/b> = \u00e9nergie vitale universelle et <b>Ki<\/b> = notre propre force vitale.<\/p>\n<p class=\"p22195\" style=\"text-align: justify;\">C\u2019est une fusion de ces deux \u00e9nergies.<\/p>\n<p class=\"p22195\" style=\"text-align: justify;\">Le Reiki va r\u00e9tablir la circulation de l\u2019\u00e9nergie dans notre corps.<\/p>\n<p class=\"p22195\" style=\"text-align: justify;\">Le Reiki est une m\u00e9thode pour aider les autres ainsi que soi-m\u00eame simplement avec nos mains. Il apporte <b>ses bienfaits<\/b> en cas de stress, surmenage, fatigue, angoisses, d\u00e9pression, insomnies, manque de confiance en soi, nervosit\u00e9. Il s&rsquo;av\u00e8re efficace lors de migraine(s), de douleurs aigu\u00ebs ou chroniques. Le Reiki va agir sur des causes profondes (physiques, mentales, \u00e9motionnelles et spirituelles).<\/p>\n<p class=\"p22195\" style=\"text-align: justify;\">Le Reiki est un compl\u00e9ment id\u00e9al\u00a0pour tous types de th\u00e9rapies. Il va enrichir et renforcer les principes actifs de la th\u00e9rapie utilis\u00e9e tout en limitant les effets secondaires. Le Reiki ne remplace\u00a0pas un avis ou un diagnostic m\u00e9dical.<\/p>\n<p class=\"p22195\" style=\"text-align: justify;\"><strong>Utilisation du Reiki<\/strong><\/p>\n<p class=\"p22195\" style=\"text-align: justify;\">Pour toutes les personnes de <b>votre famille ou entourage, les plantes, les situations diverses\u00a0<\/b>ainsi que\u00a0pour <b>vos animaux\u00a0<\/b>car ils sont nos miroirs. Souvent, en regardant un animal, il suffit d\u2019observer son ma\u00eetre pour comprendre qui est le reflet de l\u2019autre. Nos animaux sont tr\u00e8s ouverts au flux \u00e9nerg\u00e9tique du Reiki. Ils appr\u00e9cient de b\u00e9n\u00e9ficier d\u2019un traitement dont ils sauront pleinement en profiter. Ils reconnaissent instinctivement son pouvoir de gu\u00e9rison qui va les aider.<\/p>\n<p class=\"p22195\" style=\"text-align: justify;\"><b>Pourquoi le Reiki pour nos animaux :<\/b>\u00a0En cas d&rsquo;agressivit\u00e9, de crainte, de stress et d&rsquo;anxi\u00e9t\u00e9 (comp\u00e9tition, transports, v\u00e9t\u00e9rinaire, bruit, etc.), apr\u00e8s une op\u00e9ration, lors de maladies psychiques et physiques, pour le rel\u00e2chement des tensions neuromusculaires, les animaux en fin de vie.<\/p>\n<p class=\"p22195\" style=\"text-align: justify;\">Il va\u00a0am\u00e9liorer les\u00a0probl\u00e8mes \u00e9motionnels et comportementaux, apaiser les douleurs, amener de la d\u00e9tente\u00a0et r\u00e9duire les effets secondaires (m\u00e9dicaments, narcoses).<\/p>\n<p class=\"p22195\" style=\"text-align: justify;\">Le\u00a0Reiki est une m\u00e9thode simple, naturelle, douce et tellement puissante qui transforme tout ce qu\u2019elle touche en bien-\u00eatre.<\/p>\n<p><strong>Dates<\/strong><\/p>\n<p><strong>2026<\/strong><\/p>\n<ul>\n<li><span style=\"color: #000000;\">31 octobre et 1 novembre 2026 \/ samedi et dimanche de 9h30 &#8211; 16h30 <strong>\u00e0 Cournillens<\/strong><\/span><\/li>\n<\/ul>\n<p><strong>Contenu du cours<\/strong><\/p>\n<ul>\n<li>Historique du Reiki<\/li>\n<li>Explication du Reiki<\/li>\n<li>Les cinq principes du Reiki<\/li>\n<li>Initiation<\/li>\n<li>M\u00e9ditation<\/li>\n<li>D\u00e9monstration et explication de l&rsquo;auto traitement<\/li>\n<li>D\u00e9monstration et pratique d&rsquo;un traitement rapide sur une personne<\/li>\n<li>D\u00e9monstration et pratique d&rsquo;un traitement complet sur une personne (m\u00e9thode de Madame Takata et selon Monsieur Mikao Usui)<\/li>\n<li>Explication des chakras et harmonisation<\/li>\n<li>Echanges<\/li>\n<\/ul>\n<p style=\"text-align: justify;\"><strong>Informations (voir <a href=\"http:\/\/nenufee-therapies.ch\/reiki\/conditions\/\">Conditions<\/a>)<\/strong><\/p>\n<ul>\n<li><strong>Prix CHF 360.&#8211;, dossier de cours compris<\/strong><\/li>\n<li><strong>payable dans un d\u00e9lai de trois semaine apr\u00e8s inscription.<\/strong><\/li>\n<li>Pr\u00e9-requis : aucun<\/li>\n<li>Nombre de participant(e)s : entre 2 &#8211; 4 personnes<\/li>\n<\/ul>\n<p class=\"text-align-justify\">\n<p class=\"text-align-justify\"><strong>Le Reiki \u00e9tant un outil extraordinaire<\/strong>, l&rsquo;essentiel de la formation en Reiki est d&rsquo;offrir, \u00e0 chaque personne, la possibilit\u00e9 d&rsquo;apprendre une technique de soins \u00e9nerg\u00e9tiques, une philosophie de vie, \u00e0 la port\u00e9e de chacun.e.<\/p>\n<p><strong>Contact<\/strong><\/p>\n<p style=\"text-align: justify;\">Vous pouvez me contacter en utilisant le formulaire de\u00a0contact sous\u00a0la page \u00ab\u00a0<a href=\"http:\/\/nenufee-therapies.ch\/wordpress\/contact\/\">Contact<\/a>\u00a0\u00bb<\/p>\n<p><strong><span style=\"color: #ff0000;\">Si vous ne recevez pas de r\u00e9ponse dans les 48 heures, merci de me contacter par t\u00e9l\u00e9phone au 079\/353.33.59 ou par mail.<\/span><\/strong><\/p>\n<p><strong><span style=\"color: #ff0000;\">Contr\u00f4ler aussi vos spams ou courriers ind\u00e9sirables.<\/span><\/strong><\/p>\n","protected":false},"excerpt":{"rendered":"<p>Le Reiki est une m\u00e9thode qui nous vient du Japon. Rei = \u00e9nergie vitale universelle et Ki = notre propre force vitale. C\u2019est une fusion de ces deux \u00e9nergies. Le Reiki va r\u00e9tablir la circulation de l\u2019\u00e9nergie dans notre corps. Le Reiki est une m\u00e9thode pour aider les autres ainsi que soi-m\u00eame simplement avec nos [&hellip;]<\/p>\n","protected":false},"author":2,"featured_media":0,"parent":617,"menu_order":0,"comment_status":"closed","ping_status":"closed","template":"","meta":{"_exactmetrics_skip_tracking":false,"_exactmetrics_sitenote_active":false,"_exactmetrics_sitenote_note":"","_exactmetrics_sitenote_category":0,"footnotes":""},"class_list":["post-14","page","type-page","status-publish","hentry"],"_links":{"self":[{"href":"https:\/\/nenufee-therapies.ch\/wordpress\/wp-json\/wp\/v2\/pages\/14","targetHints":{"allow":["GET"]}}],"collection":[{"href":"https:\/\/nenufee-therapies.ch\/wordpress\/wp-json\/wp\/v2\/pages"}],"about":[{"href":"https:\/\/nenufee-therapies.ch\/wordpress\/wp-json\/wp\/v2\/types\/page"}],"author":[{"embeddable":true,"href":"https:\/\/nenufee-therapies.ch\/wordpress\/wp-json\/wp\/v2\/users\/2"}],"replies":[{"embeddable":true,"href":"https:\/\/nenufee-therapies.ch\/wordpress\/wp-json\/wp\/v2\/comments?post=14"}],"version-history":[{"count":124,"href":"https:\/\/nenufee-therapies.ch\/wordpress\/wp-json\/wp\/v2\/pages\/14\/revisions"}],"predecessor-version":[{"id":2405,"href":"https:\/\/nenufee-therapies.ch\/wordpress\/wp-json\/wp\/v2\/pages\/14\/revisions\/2405"}],"up":[{"embeddable":true,"href":"https:\/\/nenufee-therapies.ch\/wordpress\/wp-json\/wp\/v2\/pages\/617"}],"wp:attachment":[{"href":"https:\/\/nenufee-therapies.ch\/wordpress\/wp-json\/wp\/v2\/media?parent=14"}],"curies":[{"name":"wp","href":"https:\/\/api.w.org\/{rel}","templated":true}]}}