{"id":1011,"date":"2017-05-17T18:40:14","date_gmt":"2017-05-17T16:40:14","guid":{"rendered":"http:\/\/nenufee-therapies.ch\/wordpress\/?page_id=1011"},"modified":"2020-05-27T22:32:00","modified_gmt":"2020-05-27T20:32:00","slug":"massagestpc-therapie-par-la-couleur-et-le-son","status":"publish","type":"page","link":"https:\/\/nenufee-therapies.ch\/wordpress\/reiki-2\/massagestpc-therapie-par-la-couleur-et-le-son\/","title":{"rendered":"TPC La th\u00e9rapie par la Couleur et le Son"},"content":{"rendered":"\n<div class=\"wp-block-image\"><figure class=\"aligncenter is-resized\"><img loading=\"lazy\" decoding=\"async\" src=\"http:\/\/nenufee-therapies.ch\/wordpress\/wp-content\/uploads\/2020\/05\/Massages-1024x768.jpg\" alt=\"\" class=\"wp-image-1602\" width=\"375\" height=\"281\" srcset=\"https:\/\/nenufee-therapies.ch\/wordpress\/wp-content\/uploads\/2020\/05\/Massages-1024x768.jpg 1024w, https:\/\/nenufee-therapies.ch\/wordpress\/wp-content\/uploads\/2020\/05\/Massages-300x225.jpg 300w, https:\/\/nenufee-therapies.ch\/wordpress\/wp-content\/uploads\/2020\/05\/Massages-768x576.jpg 768w, https:\/\/nenufee-therapies.ch\/wordpress\/wp-content\/uploads\/2020\/05\/Massages-624x468.jpg 624w\" sizes=\"auto, (max-width: 375px) 100vw, 375px\" \/><\/figure><\/div>\n\n\n<p>\u200bEst un v\u00e9ritable voyage int\u00e9rieur qui permet de :<\/p>\n<ul>\n<li>Retrouver son centre,<\/li>\n<li>Rel\u00e2cher les tensions ainsi que les douleurs physiques et nerveuses (stress &#8211; insomnie &#8211; anxi\u00e9t\u00e9\u2026),<\/li>\n<li>R\u00e9g\u00e9n\u00e9rer tous les syst\u00e8mes en profondeur&nbsp;(sommeil &#8211; circulation lymphatique &#8211; digestion &#8211; syst\u00e8me immunitaire &#8211; souplesse des articulations &#8211; syst\u00e8me nerveux).<\/li>\n<\/ul>\n<p>C\u2019est aussi la liaison d\u2019une th\u00e9rapie sonore par les bols chantants et des techniques de chromoth\u00e9rapie.<\/p>\n<p>\u200bCette technique&nbsp;vise \u00e0&nbsp;harmoniser l\u2019\u00e9nergie vitale&nbsp;dans l\u2019organisme pour pr\u00e9server ou am\u00e9liorer la sant\u00e9.<\/p>\n<p>En renfor\u00e7ant l\u2019\u00e9nergie du corps et le lien corps-esprit, cette forme de soin&nbsp;peut tirer profit des forces naturelles d\u2019autogu\u00e9rison pr\u00e9sentes dans tout \u00eatre humain.<\/p>\n<p>De prime abord, elle peut se vivre un peu comme&nbsp;un&nbsp;massage&nbsp;tr\u00e8s d\u00e9licat et m\u00e9lodieux.<\/p>\n<p><strong>Le fonctionnement sur notre syst\u00e8me<\/strong><\/p>\n<p>\u200bTout d&rsquo;abord, les diff\u00e9rents sons et vibrations invitent au \u00ab\u00a0l\u00e2cher-prise\u00a0\u00bb, la personne recevant le soin&nbsp;reprend conscience de chaque membre de son corps.<\/p>\n<p>C\u2019est une premi\u00e8re \u00e9tape importante de sentir, d\u2019avoir conscience mais surtout de se laisser totalement aller&nbsp;et de se reconnecter \u00e0 son corps.<\/p>\n<p>\u200bLe syst\u00e8me osseux va tout d&rsquo;abord absorber les diff\u00e9rentes fr\u00e9quences et vibrations afin de les redistribuer ensuite dans chaque cellule, chaque muscle et finalement, au corps entier.<\/p>\n<p>\u200bQuand nous vivons un d\u00e9s\u00e9quilibre corporel, il faut s\u2019imaginer que nos cellules sont en d\u00e9saccord.<\/p>\n<p>Les vibrations des bols chantants th\u00e9rapeutiques et les fr\u00e9quences des couleurs \u00e9mettent en nous des vagues concentriques.<\/p>\n<p>Celles-ci stimulent les membranes cellulaires; les cellules sont alors invit\u00e9es \u00e0 se r\u00e9organiser.<\/p>\n<p>C\u2019est un peu comme si le corps trouvait un point z\u00e9ro qui am\u00e8ne ensuite \u00e0 l\u2019harmonisation.<\/p>\n<p><span style=\"color: #0000ff;\"><strong>Technique cr\u00e9\u00e9e par Monsieur Fran\u00e7ois Schneeberger<\/strong><\/span><\/p>\n<p><img loading=\"lazy\" decoding=\"async\" width=\"256\" height=\"173\" class=\"attachment-post-thumbnail \" alt=\"\" src=\"http:\/\/nenufee-therapies.ch\/wordpress\/wp-content\/uploads\/2017\/05\/Bols-tib%C3%A9tains-Image-1-624x422.png\" srcset=\"http:\/\/nenufee-therapies.ch\/wordpress\/wp-content\/uploads\/2017\/05\/Bols-tib\u00e9tains-Image-1-624x422.png 624w, http:\/\/nenufee-therapies.ch\/wordpress\/wp-content\/uploads\/2017\/05\/Bols-tib\u00e9tains-Image-1-300x203.png 300w, http:\/\/nenufee-therapies.ch\/wordpress\/wp-content\/uploads\/2017\/05\/Bols-tib\u00e9tains-Image-1-768x520.png 768w, http:\/\/nenufee-therapies.ch\/wordpress\/wp-content\/uploads\/2017\/05\/Bols-tib\u00e9tains-Image-1.png 782w\" sizes=\"auto, (max-width: 624px) 100vw, 624px\"><img loading=\"lazy\" decoding=\"async\" width=\"294\" height=\"172\" class=\"wp-image-1015 alignright\" alt=\"\" src=\"http:\/\/nenufee-therapies.ch\/wordpress\/wp-content\/uploads\/2017\/05\/Cromotherapie-Image-1.jpg\"><\/p>\n<p>Contactez-moi pour prendre un rendez-vous (<a href=\"http:\/\/nenufee-therapies.ch\/contact\/\">Contact<\/a>)<\/p>","protected":false},"excerpt":{"rendered":"<p>\u200bEst un v\u00e9ritable voyage int\u00e9rieur qui permet de : Retrouver son centre, Rel\u00e2cher les tensions ainsi que les douleurs physiques et nerveuses (stress &#8211; insomnie &#8211; anxi\u00e9t\u00e9\u2026), R\u00e9g\u00e9n\u00e9rer tous les syst\u00e8mes en profondeur&nbsp;(sommeil &#8211; circulation lymphatique &#8211; digestion &#8211; syst\u00e8me immunitaire &#8211; souplesse des articulations &#8211; syst\u00e8me nerveux). C\u2019est aussi la liaison d\u2019une th\u00e9rapie sonore [&hellip;]<\/p>\n","protected":false},"author":1,"featured_media":0,"parent":50,"menu_order":2,"comment_status":"closed","ping_status":"closed","template":"","meta":{"_exactmetrics_skip_tracking":false,"_exactmetrics_sitenote_active":false,"_exactmetrics_sitenote_note":"","_exactmetrics_sitenote_category":0,"footnotes":""},"class_list":["post-1011","page","type-page","status-publish","hentry"],"_links":{"self":[{"href":"https:\/\/nenufee-therapies.ch\/wordpress\/wp-json\/wp\/v2\/pages\/1011","targetHints":{"allow":["GET"]}}],"collection":[{"href":"https:\/\/nenufee-therapies.ch\/wordpress\/wp-json\/wp\/v2\/pages"}],"about":[{"href":"https:\/\/nenufee-therapies.ch\/wordpress\/wp-json\/wp\/v2\/types\/page"}],"author":[{"embeddable":true,"href":"https:\/\/nenufee-therapies.ch\/wordpress\/wp-json\/wp\/v2\/users\/1"}],"replies":[{"embeddable":true,"href":"https:\/\/nenufee-therapies.ch\/wordpress\/wp-json\/wp\/v2\/comments?post=1011"}],"version-history":[{"count":13,"href":"https:\/\/nenufee-therapies.ch\/wordpress\/wp-json\/wp\/v2\/pages\/1011\/revisions"}],"predecessor-version":[{"id":1603,"href":"https:\/\/nenufee-therapies.ch\/wordpress\/wp-json\/wp\/v2\/pages\/1011\/revisions\/1603"}],"up":[{"embeddable":true,"href":"https:\/\/nenufee-therapies.ch\/wordpress\/wp-json\/wp\/v2\/pages\/50"}],"wp:attachment":[{"href":"https:\/\/nenufee-therapies.ch\/wordpress\/wp-json\/wp\/v2\/media?parent=1011"}],"curies":[{"name":"wp","href":"https:\/\/api.w.org\/{rel}","templated":true}]}}