{"id":94,"date":"2015-05-22T15:29:55","date_gmt":"2015-05-22T15:29:55","guid":{"rendered":"http:\/\/nenufee-therapies.ch\/wordpress\/?page_id=94"},"modified":"2025-12-29T15:54:48","modified_gmt":"2025-12-29T13:54:48","slug":"communication-animale-debutant","status":"publish","type":"page","link":"http:\/\/nenufee-therapies.ch\/wordpress\/reiki\/animaux\/communication-animale-debutant\/","title":{"rendered":"Communication animale 1"},"content":{"rendered":"<p style=\"text-align: justify;\">\u00ab\u00a0Communiquer avec les animaux\u00a0\u00bb ou encore \u00ab\u00a0Communication intuitive\u00a0\u00bb permet de se mettre en connexion avec les animaux, de comprendre ce qui se passe dans leur vie, leurs difficult\u00e9s, leurs probl\u00e8mes comportementaux, leurs changements d&rsquo;attitudes par le biais de message(s), d&rsquo;image(s), de ressenti(s) quelle que soit la distance qui nous s\u00e9pare d&rsquo;eux.<\/p>\n<p style=\"text-align: justify;\">Pour communiquer intuitivement avec eux, nous allons apprendre \u00e0 entrer en contact avec l&rsquo;animal. Cette mani\u00e8re de se \u00ab\u00a0connecter\u00a0\u00bb sur l&rsquo;animal est appel\u00e9e t\u00e9l\u00e9pathie ou \u00e9galement le langage du c\u0153ur. Par cette technique, nous pouvons conna\u00eetre les r\u00e9ponses de nos animaux aux questions que leur comportement nous pose ou \u00e0 celles que nous aimerions leur soumettre.<\/p>\n<p style=\"text-align: justify;\"><strong>Exemples :<\/strong><\/p>\n<ul style=\"text-align: justify;\">\n<li>Pr\u00e9venir l&rsquo;animal d&rsquo;un changement dans sa vie : d\u00e9m\u00e9nagement, absence de son propri\u00e9taire, nouvel animal dans la maison, arriv\u00e9e d&rsquo;un enfant, divorce, d\u00e9c\u00e8s, relation avec son propri\u00e9taire<\/li>\n<li>Aussi en cas de : stress, comportement inhabituel (agressivit\u00e9, ob\u00e9issance), choc \u00e9motionnel, maladie, animaux en fin de vie, peurs<\/li>\n<li>Cette technique peut \u00eatre utilis\u00e9e par toute personne d\u00e9sireuse d&rsquo;aider les animaux et leur(s) propri\u00e9taire(s)<\/li>\n<\/ul>\n<p style=\"text-align: justify;\">Durant le cours, vous allez apprendre \u00e0 utiliser l&rsquo;\u00e9nergie du groupe, la m\u00e9ditation et bien s\u00fbr pratiquer\u00a0plusieurs\u00a0exercices pour entrer en contact avec les animaux. Il faut surtout de la confiance, de l&rsquo;amour et de la pers\u00e9v\u00e9rance.<\/p>\n<p style=\"text-align: justify;\"><strong>Dates &amp; Prix (voir <a href=\"http:\/\/nenufee-therapies.ch\/reiki\/conditions\/\">Conditions<\/a>)<\/strong><\/p>\n<p>Prix : CHF 180.- avec dossier compris<\/p>\n<p><strong>2026<\/strong><\/p>\n<ul>\n<li>Vendredi 6 mars\u00a0 2026 de 9h30 \u00e0 16h30<strong> \u00e0 Cournillens<\/strong><\/li>\n<\/ul>\n<p style=\"text-align: justify;\"><strong>Contact<\/strong><\/p>\n<p style=\"text-align: justify;\">Vous pouvez me contacter en utilisant le formulaire de contact sous\u00a0la\u00a0page \u00ab\u00a0<a href=\"http:\/\/nenufee-therapies.ch\/wordpress\/contact\/\">Contact<\/a>\u00a0\u00bb<\/p>\n<p><strong><span style=\"color: #ff0000;\">Si vous ne recevez pas de r\u00e9ponse dans les 48 heures, merci de me contacter par t\u00e9l\u00e9phone au 079\/353.33.59 ou par mail.<\/span><\/strong><\/p>\n<p><span style=\"color: #ff0000;\"><strong>Contr\u00f4ler vos spams ou courriers ind\u00e9sirables.<\/strong><\/span><\/p>\n","protected":false},"excerpt":{"rendered":"<p>\u00ab\u00a0Communiquer avec les animaux\u00a0\u00bb ou encore \u00ab\u00a0Communication intuitive\u00a0\u00bb permet de se mettre en connexion avec les animaux, de comprendre ce qui se passe dans leur vie, leurs difficult\u00e9s, leurs probl\u00e8mes comportementaux, leurs changements d&rsquo;attitudes par le biais de message(s), d&rsquo;image(s), de ressenti(s) quelle que soit la distance qui nous s\u00e9pare d&rsquo;eux. Pour communiquer intuitivement avec [&hellip;]<\/p>\n","protected":false},"author":2,"featured_media":0,"parent":619,"menu_order":0,"comment_status":"closed","ping_status":"closed","template":"","meta":{"_exactmetrics_skip_tracking":false,"_exactmetrics_sitenote_active":false,"_exactmetrics_sitenote_note":"","_exactmetrics_sitenote_category":0,"footnotes":""},"class_list":["post-94","page","type-page","status-publish","hentry"],"_links":{"self":[{"href":"http:\/\/nenufee-therapies.ch\/wordpress\/wp-json\/wp\/v2\/pages\/94","targetHints":{"allow":["GET"]}}],"collection":[{"href":"http:\/\/nenufee-therapies.ch\/wordpress\/wp-json\/wp\/v2\/pages"}],"about":[{"href":"http:\/\/nenufee-therapies.ch\/wordpress\/wp-json\/wp\/v2\/types\/page"}],"author":[{"embeddable":true,"href":"http:\/\/nenufee-therapies.ch\/wordpress\/wp-json\/wp\/v2\/users\/2"}],"replies":[{"embeddable":true,"href":"http:\/\/nenufee-therapies.ch\/wordpress\/wp-json\/wp\/v2\/comments?post=94"}],"version-history":[{"count":76,"href":"http:\/\/nenufee-therapies.ch\/wordpress\/wp-json\/wp\/v2\/pages\/94\/revisions"}],"predecessor-version":[{"id":2387,"href":"http:\/\/nenufee-therapies.ch\/wordpress\/wp-json\/wp\/v2\/pages\/94\/revisions\/2387"}],"up":[{"embeddable":true,"href":"http:\/\/nenufee-therapies.ch\/wordpress\/wp-json\/wp\/v2\/pages\/619"}],"wp:attachment":[{"href":"http:\/\/nenufee-therapies.ch\/wordpress\/wp-json\/wp\/v2\/media?parent=94"}],"curies":[{"name":"wp","href":"https:\/\/api.w.org\/{rel}","templated":true}]}}