{"id":627,"date":"2016-10-13T06:23:13","date_gmt":"2016-10-13T06:23:13","guid":{"rendered":"http:\/\/nenufee-therapies.ch\/wordpress\/?page_id=627"},"modified":"2025-12-29T15:45:32","modified_gmt":"2025-12-29T13:45:32","slug":"formation-specifique","status":"publish","type":"page","link":"http:\/\/nenufee-therapies.ch\/wordpress\/reiki\/animaux\/formation-specifique\/","title":{"rendered":"Formation sp\u00e9cifique ou Refresh"},"content":{"rendered":"<p style=\"text-align: justify;\"><strong>L&rsquo;\u00e2me des animaux<\/strong><\/p>\n<p>Plongez dans une formation unique, d\u00e9di\u00e9e \u00e0 la connexion profonde que nous entretenons avec nos animaux. Que vous soyez passionn\u00e9 par leur bien-\u00eatre ou simplement curieux, ce cours est fait pour vous !<\/p>\n<p>Au programme :<\/p>\n<ul>\n<li><strong>Approche des animaux<\/strong> : apprenez \u00e0 interagir avec eux en douceur.<\/li>\n<li><strong>Points d\u2019acupressure : <\/strong>nous allons aborder quelques notions de la m\u00e9decine chinoise et travailler sur des points importants des m\u00e9ridiens pour le bien-\u00eatre de l&rsquo;animal.<\/li>\n<li><strong>Massage animalier<\/strong> : Apprendre diff\u00e9rentes techniques de massage pour\u00a0 d\u00e9tendre (musculaire et nerveux) ou apporter un regain d&rsquo;\u00e9nergie. Cela va am\u00e9liorer les mouvements de l&rsquo;animal. apprendre l&rsquo;anatomie, le squelette, les muscles, etc&#8230; Et bien d&rsquo;autres choses.<\/li>\n<li><strong>\u00c9nergie et bien-\u00eatre<\/strong> : un volet \u00e9nerg\u00e9tique pour harmoniser leurs \u00e9nergies.<\/li>\n<li>Utilisation d\u2019outils innovants tels que la <strong>luminoth\u00e9rapie<\/strong>, les <strong>codes universels<\/strong>, le <strong>tensor<\/strong>, et bien plus encore !<\/li>\n<\/ul>\n<p><strong>Dur\u00e9e<\/strong> : 5 jours<\/p>\n<p><strong>Co\u00fbt<\/strong> : 1000 CHF (dossier et tensor inclus) \u2013 possibilit\u00e9 de paiement en plusieurs fois.<\/p>\n<p>Le nombre de participants est limit\u00e9 pour garantir une exp\u00e9rience optimale \u00e0 chacun. Lors de l\u2019inscription, merci de pr\u00e9ciser si vous avez un animal de compagnie.<\/p>\n<p>Ne manquez pas cette opportunit\u00e9 de mieux comprendre et aider nos compagnons \u00e0 quatre pattes ! &#x1f31f;<\/p>\n<p style=\"text-align: justify;\"><strong>Condition :<\/strong> aucune<\/p>\n<p style=\"text-align: justify;\"><strong>Formation donn\u00e9e par l\u2019Espace N\u00e9nuF\u00e9e \u00e0 mon domicile \u00e0 Cournillens<\/strong><\/p>\n<p style=\"text-align: justify;\"><strong>2026<\/strong><\/p>\n<p style=\"text-align: justify;\">Samedi 7 mars &#8211; vendredi 13 mars &#8211; samedi 21 mars &#8211; vendredi 10 avril &#8211; samedi 25 avril 2026<\/p>\n<p><strong>Refresh en formation sp\u00e9cifique animaux<\/strong><\/p>\n<p>J\u2019ai d\u00e9cid\u00e9 de mettre en place <strong>des journ\u00e9es de \u00ab\u00a0refresh\u00a0\u00bb<\/strong> pour que tu puisses approfondir, r\u00e9activer, ou simplement reprendre confiance dans ce que tu as appris. Tu souhaites retrouver une belle \u00e9nergie de groupe et une guidance bienveillante<\/p>\n<ul>\n<li><strong>Samedi 18 avril 2026<\/strong>\u00a0de 9h30 \u00e0 15h30 <strong>\u00e0 Cournillens<\/strong><\/li>\n<\/ul>\n<ul>\n<li><strong>Prix :<\/strong> 160 frs<\/li>\n<\/ul>\n<p style=\"text-align: justify;\">Vous pouvez me contacter en utilisant le formulaire de contact sous\u00a0la\u00a0page \u00ab\u00a0<a href=\"http:\/\/nenufee-therapies.ch\/wordpress\/contact\/\">Contact<\/a>\u00a0\u00bb<\/p>\n<p><strong><span style=\"color: #ff0000;\">Si vous ne recevez pas de r\u00e9ponse dans les 48 heures, merci de me contacter par t\u00e9l\u00e9phone au 079\/353.33.59 ou par mail.<\/span><\/strong><\/p>\n<p><span style=\"color: #ff0000;\"><strong>Contr\u00f4ler vos spams ou courriers ind\u00e9sirables.<\/strong><\/span><\/p>\n<style type=\"text\/css\">\r\n\t#foogallery-gallery-1584 .fg-image {\r\n        width: 150px;\r\n    }\r\n<\/style>\r\n\t\t\t\t<div class=\"foogallery foogallery-container foogallery-default foogallery-lightbox-none fg-gutter-10 fg-center fg-default fg-light fg-border-thin fg-shadow-outline fg-loading-default fg-loaded-fade-in fg-caption-hover fg-hover-fade fg-hover-zoom fg-ready\" id=\"foogallery-gallery-1584\" data-foogallery=\"{&quot;item&quot;:{&quot;showCaptionTitle&quot;:true,&quot;showCaptionDescription&quot;:true},&quot;lazy&quot;:true}\" >\r\n\t<div class=\"fg-item fg-type-image fg-idle\"><figure class=\"fg-item-inner\"><a href=\"http:\/\/nenufee-therapies.ch\/wordpress\/wp-content\/uploads\/2020\/05\/IMG_3860-e1590596286108.jpg\" data-attachment-id=\"1590\" data-type=\"image\" class=\"fg-thumb\"><span class=\"fg-image-wrap\"><img decoding=\"async\" width=\"150\" height=\"150\" class=\"skip-lazy fg-image\" data-src-fg=\"http:\/\/nenufee-therapies.ch\/wordpress\/wp-content\/uploads\/cache\/2020\/05\/IMG_3860-e1590596286108\/1235369850.jpg\" src=\"data:image\/svg+xml,%3Csvg%20xmlns%3D%22http%3A%2F%2Fwww.w3.org%2F2000%2Fsvg%22%20width%3D%22150%22%20height%3D%22150%22%20viewBox%3D%220%200%20150%20150%22%3E%3C%2Fsvg%3E\" loading=\"eager\"><\/span><span class=\"fg-image-overlay\"><\/span><\/a><figcaption class=\"fg-caption\"><div class=\"fg-caption-inner\"><\/div><\/figcaption><\/figure><div class=\"fg-loader\"><\/div><\/div><div class=\"fg-item fg-type-image fg-idle\"><figure class=\"fg-item-inner\"><a href=\"http:\/\/nenufee-therapies.ch\/wordpress\/wp-content\/uploads\/2020\/05\/IMG_0634-e1590596275958.jpg\" data-attachment-id=\"1589\" data-type=\"image\" class=\"fg-thumb\"><span class=\"fg-image-wrap\"><img decoding=\"async\" width=\"150\" height=\"150\" class=\"skip-lazy fg-image\" data-src-fg=\"http:\/\/nenufee-therapies.ch\/wordpress\/wp-content\/uploads\/cache\/2020\/05\/IMG_0634-e1590596275958\/1258767597.jpg\" src=\"data:image\/svg+xml,%3Csvg%20xmlns%3D%22http%3A%2F%2Fwww.w3.org%2F2000%2Fsvg%22%20width%3D%22150%22%20height%3D%22150%22%20viewBox%3D%220%200%20150%20150%22%3E%3C%2Fsvg%3E\" loading=\"eager\"><\/span><span class=\"fg-image-overlay\"><\/span><\/a><figcaption class=\"fg-caption\"><div class=\"fg-caption-inner\"><\/div><\/figcaption><\/figure><div class=\"fg-loader\"><\/div><\/div><div class=\"fg-item fg-type-image fg-idle\"><figure class=\"fg-item-inner\"><a href=\"http:\/\/nenufee-therapies.ch\/wordpress\/wp-content\/uploads\/2020\/05\/IMG_7442.jpg\" data-attachment-id=\"1631\" data-type=\"image\" class=\"fg-thumb\"><span class=\"fg-image-wrap\"><img decoding=\"async\" width=\"150\" height=\"150\" class=\"skip-lazy fg-image\" data-src-fg=\"http:\/\/nenufee-therapies.ch\/wordpress\/wp-content\/uploads\/cache\/2020\/05\/IMG_7442\/1362934494.jpg\" src=\"data:image\/svg+xml,%3Csvg%20xmlns%3D%22http%3A%2F%2Fwww.w3.org%2F2000%2Fsvg%22%20width%3D%22150%22%20height%3D%22150%22%20viewBox%3D%220%200%20150%20150%22%3E%3C%2Fsvg%3E\" loading=\"eager\"><\/span><span class=\"fg-image-overlay\"><\/span><\/a><figcaption class=\"fg-caption\"><div class=\"fg-caption-inner\"><\/div><\/figcaption><\/figure><div class=\"fg-loader\"><\/div><\/div><div class=\"fg-item fg-type-image fg-idle\"><figure class=\"fg-item-inner\"><a href=\"http:\/\/nenufee-therapies.ch\/wordpress\/wp-content\/uploads\/2020\/05\/IMG_7433.jpg\" data-attachment-id=\"1632\" data-type=\"image\" class=\"fg-thumb\"><span class=\"fg-image-wrap\"><img decoding=\"async\" width=\"150\" height=\"150\" class=\"skip-lazy fg-image\" data-src-fg=\"http:\/\/nenufee-therapies.ch\/wordpress\/wp-content\/uploads\/cache\/2020\/05\/IMG_7433\/1996742099.jpg\" src=\"data:image\/svg+xml,%3Csvg%20xmlns%3D%22http%3A%2F%2Fwww.w3.org%2F2000%2Fsvg%22%20width%3D%22150%22%20height%3D%22150%22%20viewBox%3D%220%200%20150%20150%22%3E%3C%2Fsvg%3E\" loading=\"eager\"><\/span><span class=\"fg-image-overlay\"><\/span><\/a><figcaption class=\"fg-caption\"><div class=\"fg-caption-inner\"><\/div><\/figcaption><\/figure><div class=\"fg-loader\"><\/div><\/div><div class=\"fg-item fg-type-image fg-idle\"><figure class=\"fg-item-inner\"><a href=\"http:\/\/nenufee-therapies.ch\/wordpress\/wp-content\/uploads\/2020\/05\/IMG_0620.jpg\" data-attachment-id=\"1633\" data-type=\"image\" class=\"fg-thumb\"><span class=\"fg-image-wrap\"><img decoding=\"async\" width=\"150\" height=\"150\" class=\"skip-lazy fg-image\" data-src-fg=\"http:\/\/nenufee-therapies.ch\/wordpress\/wp-content\/uploads\/cache\/2020\/05\/IMG_0620\/263851972.jpg\" src=\"data:image\/svg+xml,%3Csvg%20xmlns%3D%22http%3A%2F%2Fwww.w3.org%2F2000%2Fsvg%22%20width%3D%22150%22%20height%3D%22150%22%20viewBox%3D%220%200%20150%20150%22%3E%3C%2Fsvg%3E\" loading=\"eager\"><\/span><span class=\"fg-image-overlay\"><\/span><\/a><figcaption class=\"fg-caption\"><div class=\"fg-caption-inner\"><\/div><\/figcaption><\/figure><div class=\"fg-loader\"><\/div><\/div><div class=\"fg-item fg-type-image fg-idle\"><figure class=\"fg-item-inner\"><a href=\"http:\/\/nenufee-therapies.ch\/wordpress\/wp-content\/uploads\/2020\/05\/1.jpg\" data-attachment-id=\"1634\" data-type=\"image\" class=\"fg-thumb\"><span class=\"fg-image-wrap\"><img decoding=\"async\" width=\"150\" height=\"150\" class=\"skip-lazy fg-image\" data-src-fg=\"http:\/\/nenufee-therapies.ch\/wordpress\/wp-content\/uploads\/cache\/2020\/05\/1\/360506048.jpg\" src=\"data:image\/svg+xml,%3Csvg%20xmlns%3D%22http%3A%2F%2Fwww.w3.org%2F2000%2Fsvg%22%20width%3D%22150%22%20height%3D%22150%22%20viewBox%3D%220%200%20150%20150%22%3E%3C%2Fsvg%3E\" loading=\"eager\"><\/span><span class=\"fg-image-overlay\"><\/span><\/a><figcaption class=\"fg-caption\"><div class=\"fg-caption-inner\"><\/div><\/figcaption><\/figure><div class=\"fg-loader\"><\/div><\/div><div class=\"fg-item fg-type-image fg-idle\"><figure class=\"fg-item-inner\"><a href=\"http:\/\/nenufee-therapies.ch\/wordpress\/wp-content\/uploads\/2020\/05\/IMG_4686.jpg\" data-attachment-id=\"1636\" data-type=\"image\" class=\"fg-thumb\"><span class=\"fg-image-wrap\"><img decoding=\"async\" width=\"150\" height=\"150\" class=\"skip-lazy fg-image\" data-src-fg=\"http:\/\/nenufee-therapies.ch\/wordpress\/wp-content\/uploads\/cache\/2020\/05\/IMG_4686\/2756700144.jpg\" src=\"data:image\/svg+xml,%3Csvg%20xmlns%3D%22http%3A%2F%2Fwww.w3.org%2F2000%2Fsvg%22%20width%3D%22150%22%20height%3D%22150%22%20viewBox%3D%220%200%20150%20150%22%3E%3C%2Fsvg%3E\" loading=\"eager\"><\/span><span class=\"fg-image-overlay\"><\/span><\/a><figcaption class=\"fg-caption\"><div class=\"fg-caption-inner\"><\/div><\/figcaption><\/figure><div class=\"fg-loader\"><\/div><\/div><div class=\"fg-item fg-type-image fg-idle\"><figure class=\"fg-item-inner\"><a href=\"http:\/\/nenufee-therapies.ch\/wordpress\/wp-content\/uploads\/2020\/05\/IMG_5615.jpg\" data-attachment-id=\"1637\" data-type=\"image\" class=\"fg-thumb\"><span class=\"fg-image-wrap\"><img decoding=\"async\" width=\"150\" height=\"150\" class=\"skip-lazy fg-image\" data-src-fg=\"http:\/\/nenufee-therapies.ch\/wordpress\/wp-content\/uploads\/cache\/2020\/05\/IMG_5615\/2339278209.jpg\" src=\"data:image\/svg+xml,%3Csvg%20xmlns%3D%22http%3A%2F%2Fwww.w3.org%2F2000%2Fsvg%22%20width%3D%22150%22%20height%3D%22150%22%20viewBox%3D%220%200%20150%20150%22%3E%3C%2Fsvg%3E\" loading=\"eager\"><\/span><span class=\"fg-image-overlay\"><\/span><\/a><figcaption class=\"fg-caption\"><div class=\"fg-caption-inner\"><\/div><\/figcaption><\/figure><div class=\"fg-loader\"><\/div><\/div><div class=\"fg-item fg-type-image fg-idle\"><figure class=\"fg-item-inner\"><a href=\"http:\/\/nenufee-therapies.ch\/wordpress\/wp-content\/uploads\/2020\/05\/IMG_5531.jpg\" data-attachment-id=\"1638\" data-type=\"image\" class=\"fg-thumb\"><span class=\"fg-image-wrap\"><img decoding=\"async\" width=\"150\" height=\"150\" class=\"skip-lazy fg-image\" data-src-fg=\"http:\/\/nenufee-therapies.ch\/wordpress\/wp-content\/uploads\/cache\/2020\/05\/IMG_5531\/307378447.jpg\" src=\"data:image\/svg+xml,%3Csvg%20xmlns%3D%22http%3A%2F%2Fwww.w3.org%2F2000%2Fsvg%22%20width%3D%22150%22%20height%3D%22150%22%20viewBox%3D%220%200%20150%20150%22%3E%3C%2Fsvg%3E\" loading=\"eager\"><\/span><span class=\"fg-image-overlay\"><\/span><\/a><figcaption class=\"fg-caption\"><div class=\"fg-caption-inner\"><\/div><\/figcaption><\/figure><div class=\"fg-loader\"><\/div><\/div><div class=\"fg-item fg-type-image fg-idle\"><figure class=\"fg-item-inner\"><a href=\"http:\/\/nenufee-therapies.ch\/wordpress\/wp-content\/uploads\/2020\/05\/IMG_5737.jpg\" data-attachment-id=\"1639\" data-type=\"image\" class=\"fg-thumb\"><span class=\"fg-image-wrap\"><img decoding=\"async\" width=\"150\" height=\"150\" class=\"skip-lazy fg-image\" data-src-fg=\"http:\/\/nenufee-therapies.ch\/wordpress\/wp-content\/uploads\/cache\/2020\/05\/IMG_5737\/474735804.jpg\" src=\"data:image\/svg+xml,%3Csvg%20xmlns%3D%22http%3A%2F%2Fwww.w3.org%2F2000%2Fsvg%22%20width%3D%22150%22%20height%3D%22150%22%20viewBox%3D%220%200%20150%20150%22%3E%3C%2Fsvg%3E\" loading=\"eager\"><\/span><span class=\"fg-image-overlay\"><\/span><\/a><figcaption class=\"fg-caption\"><div class=\"fg-caption-inner\"><\/div><\/figcaption><\/figure><div class=\"fg-loader\"><\/div><\/div><\/div>\r\n\n","protected":false},"excerpt":{"rendered":"<p>L&rsquo;\u00e2me des animaux Plongez dans une formation unique, d\u00e9di\u00e9e \u00e0 la connexion profonde que nous entretenons avec nos animaux. Que vous soyez passionn\u00e9 par leur bien-\u00eatre ou simplement curieux, ce cours est fait pour vous ! Au programme : Approche des animaux : apprenez \u00e0 interagir avec eux en douceur. Points d\u2019acupressure : nous allons [&hellip;]<\/p>\n","protected":false},"author":2,"featured_media":0,"parent":619,"menu_order":3,"comment_status":"closed","ping_status":"closed","template":"","meta":{"_exactmetrics_skip_tracking":false,"_exactmetrics_sitenote_active":false,"_exactmetrics_sitenote_note":"","_exactmetrics_sitenote_category":0,"footnotes":""},"class_list":["post-627","page","type-page","status-publish","hentry"],"_links":{"self":[{"href":"http:\/\/nenufee-therapies.ch\/wordpress\/wp-json\/wp\/v2\/pages\/627","targetHints":{"allow":["GET"]}}],"collection":[{"href":"http:\/\/nenufee-therapies.ch\/wordpress\/wp-json\/wp\/v2\/pages"}],"about":[{"href":"http:\/\/nenufee-therapies.ch\/wordpress\/wp-json\/wp\/v2\/types\/page"}],"author":[{"embeddable":true,"href":"http:\/\/nenufee-therapies.ch\/wordpress\/wp-json\/wp\/v2\/users\/2"}],"replies":[{"embeddable":true,"href":"http:\/\/nenufee-therapies.ch\/wordpress\/wp-json\/wp\/v2\/comments?post=627"}],"version-history":[{"count":57,"href":"http:\/\/nenufee-therapies.ch\/wordpress\/wp-json\/wp\/v2\/pages\/627\/revisions"}],"predecessor-version":[{"id":2383,"href":"http:\/\/nenufee-therapies.ch\/wordpress\/wp-json\/wp\/v2\/pages\/627\/revisions\/2383"}],"up":[{"embeddable":true,"href":"http:\/\/nenufee-therapies.ch\/wordpress\/wp-json\/wp\/v2\/pages\/619"}],"wp:attachment":[{"href":"http:\/\/nenufee-therapies.ch\/wordpress\/wp-json\/wp\/v2\/media?parent=627"}],"curies":[{"name":"wp","href":"https:\/\/api.w.org\/{rel}","templated":true}]}}