{"id":26,"date":"2015-05-18T10:18:16","date_gmt":"2015-05-18T10:18:16","guid":{"rendered":"http:\/\/nenufee-therapies.ch\/wordpress\/?page_id=26"},"modified":"2017-04-21T18:47:08","modified_gmt":"2017-04-21T16:47:08","slug":"elixirs-des-fleurs","status":"publish","type":"page","link":"http:\/\/nenufee-therapies.ch\/wordpress\/therapies\/elixirs-des-fleurs\/","title":{"rendered":"Elixirs des fleurs de Cristal"},"content":{"rendered":"<p style=\"text-align: justify;\">Ces pr\u00e9parations de fleurs nous aident dans nos difficult\u00e9s \u00e9motionnelles\u00a0ainsi que\u00a0physiques et sont aussi destin\u00e9es \u00e0 nos animaux. Laissez-vous aller \u00e0 la magie de ces \u00e9lixirs. Les teintures m\u00e8res de ces fleurs sont cr\u00e9\u00e9es par notre f\u00e9e du Mol\u00e9son :<br \/>\nGhislaine Pasquier.<\/p>\n<p><img loading=\"lazy\" decoding=\"async\" class=\"aligncenter size-full wp-image-142\" src=\"http:\/\/nenufee-therapies.ch\/wordpress\/wp-content\/uploads\/2015\/05\/fleurs.jpg\" alt=\"fleurs\" width=\"250\" height=\"188\" \/><\/p>\n<p style=\"text-align: center;\">\u00ab\u00a0<em>La gu\u00e9rison des maux de l\u2019\u00e2me par l\u2019\u00e9nergie des fleurs\u2026<\/em>\u00a0\u00bb<\/p>\n<p style=\"text-align: justify;\">Contactez-moi pour une pr\u00e9paration personnelle d&rsquo;un \u00e9lixir (<a href=\"http:\/\/nenufee-therapies.ch\/contact\/\">Contact<\/a>)<\/p>\n","protected":false},"excerpt":{"rendered":"<p>Ces pr\u00e9parations de fleurs nous aident dans nos difficult\u00e9s \u00e9motionnelles\u00a0ainsi que\u00a0physiques et sont aussi destin\u00e9es \u00e0 nos animaux. Laissez-vous aller \u00e0 la magie de ces \u00e9lixirs. Les teintures m\u00e8res de ces fleurs sont cr\u00e9\u00e9es par notre f\u00e9e du Mol\u00e9son : Ghislaine Pasquier. \u00ab\u00a0La gu\u00e9rison des maux de l\u2019\u00e2me par l\u2019\u00e9nergie des fleurs\u2026\u00a0\u00bb Contactez-moi pour une [&hellip;]<\/p>\n","protected":false},"author":2,"featured_media":0,"parent":9,"menu_order":1,"comment_status":"closed","ping_status":"open","template":"","meta":{"_exactmetrics_skip_tracking":false,"_exactmetrics_sitenote_active":false,"_exactmetrics_sitenote_note":"","_exactmetrics_sitenote_category":0,"footnotes":""},"class_list":["post-26","page","type-page","status-publish","hentry"],"_links":{"self":[{"href":"http:\/\/nenufee-therapies.ch\/wordpress\/wp-json\/wp\/v2\/pages\/26","targetHints":{"allow":["GET"]}}],"collection":[{"href":"http:\/\/nenufee-therapies.ch\/wordpress\/wp-json\/wp\/v2\/pages"}],"about":[{"href":"http:\/\/nenufee-therapies.ch\/wordpress\/wp-json\/wp\/v2\/types\/page"}],"author":[{"embeddable":true,"href":"http:\/\/nenufee-therapies.ch\/wordpress\/wp-json\/wp\/v2\/users\/2"}],"replies":[{"embeddable":true,"href":"http:\/\/nenufee-therapies.ch\/wordpress\/wp-json\/wp\/v2\/comments?post=26"}],"version-history":[{"count":8,"href":"http:\/\/nenufee-therapies.ch\/wordpress\/wp-json\/wp\/v2\/pages\/26\/revisions"}],"predecessor-version":[{"id":914,"href":"http:\/\/nenufee-therapies.ch\/wordpress\/wp-json\/wp\/v2\/pages\/26\/revisions\/914"}],"up":[{"embeddable":true,"href":"http:\/\/nenufee-therapies.ch\/wordpress\/wp-json\/wp\/v2\/pages\/9"}],"wp:attachment":[{"href":"http:\/\/nenufee-therapies.ch\/wordpress\/wp-json\/wp\/v2\/media?parent=26"}],"curies":[{"name":"wp","href":"https:\/\/api.w.org\/{rel}","templated":true}]}}