{"id":1574,"date":"2020-05-27T17:31:16","date_gmt":"2020-05-27T15:31:16","guid":{"rendered":"http:\/\/nenufee-therapies.ch\/wordpress\/?page_id=1574"},"modified":"2020-05-27T22:22:43","modified_gmt":"2020-05-27T20:22:43","slug":"reiki","status":"publish","type":"page","link":"http:\/\/nenufee-therapies.ch\/wordpress\/reiki-2\/reiki\/","title":{"rendered":"Reiki"},"content":{"rendered":"\n<p>Reiki \u00e9nergie vitale universelle des mots <strong>REI<\/strong> = illimit\u00e9 et universel de cette \u00e9nergie et <strong>KI<\/strong> = force de l&rsquo;\u00e9nergie vitale de chaque personne. Une rencontre avec notre propre \u00e9nergie qui tient compte de notre \u00eatre dans sa globalit\u00e9. C&rsquo;est une pratique par imposition des mains.&nbsp;Le Reiki se r\u00e9percute diff\u00e9remment sur chacun(e) mais agit toujours l\u00e0 o\u00f9 la personne en a le plus besoin. Il agit sur le corps en renfor\u00e7ant le syst\u00e8me immunitaire, il d\u00e9bloque les \u00e9nergies et aide \u00e0 purifier le corps de ses toxines, il&nbsp;soulage les sympt\u00f4mes de la douleur et du stress, il&nbsp;r\u00e9\u00e9quilibre les \u00e9motions. Le Reiki a un effet relaxant et&nbsp;calmant sur le syst\u00e8me nerveux, aussi en cas de choc (physique \/ \u00e9motionnel) et apr\u00e8s un accident.<\/p>\n\n\n\n<p>Le Reiki est compatible avec toute autre th\u00e9rapie ou traitement m\u00e9dical, sans effet n\u00e9gatif, ni contre-indication&nbsp;mais il&nbsp;ne remplace en aucun cas un traitement m\u00e9dical !<\/p>\n\n\n\n<p><strong>Agr\u00e9\u00e9 ASCA<\/strong><\/p>\n\n\n\n<p><strong>Le Reiki est rembours\u00e9 par certaines assurances compl\u00e9mentaires. Renseignez-vous aupr\u00e8s de la v\u00f4tre.<\/strong><\/p>\n\n\n\n<p>Si vous \u00eates int\u00e9ress\u00e9(e)s pour la formation, vous pouvez consulter la <a href=\"http:\/\/nenufee-therapies.ch\/wordpress\/reiki\/\">page de formations<\/a> pour une prise de rendez-vous allez sous <a href=\"http:\/\/nenufee-therapies.ch\/wordpress\/contact\/\">contact<\/a> et vous pouvez m&rsquo;appeler pour prendre un rendez-vous.<\/p>\n","protected":false},"excerpt":{"rendered":"<p>Reiki \u00e9nergie vitale universelle des mots REI = illimit\u00e9 et universel de cette \u00e9nergie et KI = force de l&rsquo;\u00e9nergie vitale de chaque personne. Une rencontre avec notre propre \u00e9nergie qui tient compte de notre \u00eatre dans sa globalit\u00e9. C&rsquo;est une pratique par imposition des mains.&nbsp;Le Reiki se r\u00e9percute diff\u00e9remment sur chacun(e) mais agit toujours [&hellip;]<\/p>\n","protected":false},"author":2,"featured_media":0,"parent":50,"menu_order":0,"comment_status":"closed","ping_status":"closed","template":"","meta":{"_exactmetrics_skip_tracking":false,"_exactmetrics_sitenote_active":false,"_exactmetrics_sitenote_note":"","_exactmetrics_sitenote_category":0,"footnotes":""},"class_list":["post-1574","page","type-page","status-publish","hentry"],"_links":{"self":[{"href":"http:\/\/nenufee-therapies.ch\/wordpress\/wp-json\/wp\/v2\/pages\/1574","targetHints":{"allow":["GET"]}}],"collection":[{"href":"http:\/\/nenufee-therapies.ch\/wordpress\/wp-json\/wp\/v2\/pages"}],"about":[{"href":"http:\/\/nenufee-therapies.ch\/wordpress\/wp-json\/wp\/v2\/types\/page"}],"author":[{"embeddable":true,"href":"http:\/\/nenufee-therapies.ch\/wordpress\/wp-json\/wp\/v2\/users\/2"}],"replies":[{"embeddable":true,"href":"http:\/\/nenufee-therapies.ch\/wordpress\/wp-json\/wp\/v2\/comments?post=1574"}],"version-history":[{"count":3,"href":"http:\/\/nenufee-therapies.ch\/wordpress\/wp-json\/wp\/v2\/pages\/1574\/revisions"}],"predecessor-version":[{"id":1599,"href":"http:\/\/nenufee-therapies.ch\/wordpress\/wp-json\/wp\/v2\/pages\/1574\/revisions\/1599"}],"up":[{"embeddable":true,"href":"http:\/\/nenufee-therapies.ch\/wordpress\/wp-json\/wp\/v2\/pages\/50"}],"wp:attachment":[{"href":"http:\/\/nenufee-therapies.ch\/wordpress\/wp-json\/wp\/v2\/media?parent=1574"}],"curies":[{"name":"wp","href":"https:\/\/api.w.org\/{rel}","templated":true}]}}